{"id":2496,"date":"2023-06-23T17:41:30","date_gmt":"2023-06-23T22:41:30","guid":{"rendered":"https:\/\/hotelcasanicole.com\/v2\/menu\/"},"modified":"2023-07-10T19:02:40","modified_gmt":"2023-07-11T00:02:40","slug":"menu","status":"publish","type":"page","link":"https:\/\/hotelcasanicole.com\/es\/menu\/","title":{"rendered":"Menu"},"content":{"rendered":"<section class=\"wpb-content-wrapper\"><p>[vc_row][vc_column]<div id=\"cz_39004\" class=\"cz_39004 cz_title clr cz_title_pos_inline tac\"><div class=\"cz_title_content\"><div class=\"cz_wpe_content\"><h2 style=\"text-align: center;\"><strong>MEN\u00da<\/strong><\/h2>\n<\/div><\/div><\/div>[\/vc_column][\/vc_row][vc_row][vc_column]<div class=\"cz_gap clr \" style=\"height: 60px\"><\/div>[\/vc_column][\/vc_row][vc_row content_placement=\u00bbtop\u00bb][vc_column width=\u00bb1\/2&#8243;]<div id=\"cz_23203\" class=\"cz_23203 cz_title clr cz_title_pos_inline\"><div class=\"cz_title_content\"><div class=\"cz_wpe_content\"><\/div><\/div><\/div>[vc_column_text]<\/p>\n<h3><strong>CL\u00c1SICOS<\/strong><\/h3>\n<h4><strong>Todo americano<\/strong><\/h4>\n<p>Dos huevos fritos a elegir entre croquetas de patata, papas simples o cargadas para el desayuno, tocino o salchicha a elegir, servido con tostadas.<\/p>\n<h4><strong>Buen comienzo<\/strong><\/h4>\n<p>Avena con leche, canela, piloncillo, vainilla, servida con fresas frescas, pl\u00e1tano, ar\u00e1ndanos y tostadas.<\/p>\n<h4><strong>Plato de fruta fresca<\/strong><\/h4>\n<p>Fruta de temporada servida con granola y yogurt natural.<\/p>\n<p>+20 con reques\u00f3n[\/vc_column_text][vc_separator color=\u00bbcustom\u00bb style=\u00bbdouble\u00bb border_width=\u00bb2&#8243; accent_color=\u00bb#a06261&#8243;][vc_column_text]<\/p>\n<h3><strong>DESAYUNO MEXICANO<\/strong><\/h3>\n<h4><strong>Chilaquiles<\/strong><\/h4>\n<p>Tortillas de ma\u00edz fritas, cubiertas con salsa verde o roja, cebolla, cilantro, crema agria, queso cotija fresco, servidas con frijoles refritos.<\/p>\n<p>Gratinados<br \/>\nCon pollo<br \/>\nCon Huevo<br \/>\nCon Pollo &amp; Huevo<\/p>\n<h4><strong>Machaca<\/strong><\/h4>\n<p>4 onzas. de carne deshebrada mezclada con huevos revueltos, cebolla, tomate, chile poblano, servida con frijoles refritos, aguacate y tortilla de ma\u00edz o harina a elecci\u00f3n.<\/p>\n<h4><strong>Carne con chile<\/strong><\/h4>\n<p>6 onzas. de carne de res premium ba\u00f1ada en salsa roja picante, chile serrano, cebolla servida con frijoles refritos, nopales asados \u200b\u200by tortillas de ma\u00edz.<\/p>\n<h4><strong>Enfrijoladas<\/strong><\/h4>\n<p>Cuatro tortillas de ma\u00edz ba\u00f1adas en salsa de frijoles, rellenas de pollo, cubiertas con queso fresco, cilantro y cebolla.[\/vc_column_text][vc_separator color=\u00bbcustom\u00bb style=\u00bbdouble\u00bb border_width=\u00bb2&#8243; accent_color=\u00bb#a06261&#8243;][vc_column_text]<\/p>\n<h3><strong>ESPECIALES CASA NICOLE<\/strong><\/h3>\n<h4><strong>Tostada De Aguacate<\/strong><\/h4>\n<p>Dos huevos fritos hechos a la orden, sobre tostadas caseras, aguacate, tomate y espinacas, servido con hash brown.<\/p>\n<h4><strong>Bistec y Huevos<\/strong><\/h4>\n<p>6 onzas. De bistec de corte premium asado a la perfecci\u00f3n con dos huevos fritos, servido con frijoles refritos, guacamole y su elecci\u00f3n de tortilla de ma\u00edz o harina.<\/p>\n<h4><strong>Bagel de salm\u00f3n<\/strong><\/h4>\n<p>4 onzas. de salm\u00f3n ahumado sobre bagel tostado, queso crema con alcaparras, germinados, tomate cherry y aguacate, servido con hash brown.<\/p>\n<h4><strong>Burrito del Chef<\/strong><\/h4>\n<p>Tortilla de harina rellena con huevos revueltos, tocino, frijoles refritos, cubierta con queso oaxaca derretido y salsa verde, elecci\u00f3n de papa hash brown, simple o cargada para el desayuno.<\/p>\n<h4><strong>Fruttata de clara de huevo<\/strong><\/h4>\n<p>Clara de huevo, champi\u00f1\u00f3n, espinaca, pimiento verde, jitomate con queso Oaxaca, servido con picadillo y aguacate.[\/vc_column_text][vc_separator color=\u00bbcustom\u00bb style=\u00bbdouble\u00bb border_width=\u00bb2&#8243; accent_color=\u00bb#a06261&#8243;][\/vc_column][vc_column width=\u00bb1\/2&#8243;][vc_column_text]<\/p>\n<h3><strong>HUEVOS AL GUSTO<\/strong><\/h3>\n<h4><strong>Firma del chef<\/strong><\/h4>\n<p>Dos huevos escalfados hechos al momento sobre croquetas de patata, cubiertos con salsa roja, servidos con aguacate, tocino y tostadas.<\/p>\n<h4><strong>Nicole<\/strong><\/h4>\n<p>Tres huevos revueltos con chorizo, sobre tortilla de ma\u00edz, ba\u00f1ados con salsa verde y queso panela asado, servidos con frijoles refritos y aguacate.<\/p>\n<h4><strong>Rancheros<\/strong><\/h4>\n<p>Dos huevos fritos hechos a pedido, sobre su elecci\u00f3n de tortilla de ma\u00edz o harina, cubiertos con salsa ranchera, servidos con frijoles refritos, papas simples o cargadas y tostadas.<\/p>\n<h4><strong>Huevos Vallarta<\/strong><\/h4>\n<p>Dos tortillas de ma\u00edz con queso Oaxaca sobre frijoles refritos, cubiertas con dos huevos fritos preparados al momento, ba\u00f1adas en salsa ranchera y crema agria.<\/p>\n<h4><strong>A tu elecci\u00f3n<\/strong><\/h4>\n<p>Dos huevos hechos a la orden, a elegir entre jam\u00f3n, tocino o salchicha, servidos con frijoles refritos, papas simples o cargadas y tostadas.[\/vc_column_text][vc_column_text]<\/p>\n<h3><strong>HUEVOS BENEDICTOS<\/strong><\/h3>\n<h4><strong>Cl\u00e1sico<\/strong><\/h4>\n<p>Dos huevos escalfados, sobre panecillo ingl\u00e9s tostado, tocino canadiense, cubierto con nuestra exclusiva salsa holandesa, la opci\u00f3n de papas hash brown, simples o cargadas para el desayuno.<\/p>\n<h4><strong>Florentino<\/strong><\/h4>\n<p>Dos huevos escalfados, sobre muffin ingl\u00e9s tostado, espinacas salteadas, cubierto con nuestra salsa holandesa exclusiva, elecci\u00f3n de hash brown fruta de temporada.<\/p>\n<h4><strong>Salm\u00f3n<\/strong><\/h4>\n<p>Dos huevos escalfados sobre panecillo ingl\u00e9s tostado y salm\u00f3n ahumado cubierto con nuestra exclusiva salsa holandesa, elecci\u00f3n de papas hash brown, simples o cargadas para el desayuno.[\/vc_column_text][vc_separator color=\u00bbcustom\u00bb style=\u00bbdouble\u00bb border_width=\u00bb2&#8243; accent_color=\u00bb#a06261&#8243;][vc_column_text]<\/p>\n<h3><strong>OMELETTE DE 3 HUEVOS<\/strong><\/h3>\n<h4><strong>Del Puerto<\/strong><\/h4>\n<p>Tocino, tomate, cebolla, queso Oaxaca, cubierto con nuestra exclusiva salsa holandesa y aguacate, su elecci\u00f3n de papas hash brown, simples o cargadas para el desayuno.<\/p>\n<h4><strong>Saludable<\/strong><\/h4>\n<p>Clara de huevo, tomate, espinaca, champi\u00f1ones, queso panela grillado, servido con aguacate y fruta de temporada.<\/p>\n<h4><strong>Crea el tuyo propio<\/strong><\/h4>\n<p>Haga su propia tortilla con tres ingredientes diferentes de: pimientos, champi\u00f1ones, cebolla, espinaca, chile serrano o tomate, elecci\u00f3n de jam\u00f3n, tocino, salchicha o chorizo, queso Oaxaca, servido con papas hash brown, solas o cargadas para el desayuno.[\/vc_column_text][vc_separator color=\u00bbcustom\u00bb style=\u00bbdouble\u00bb border_width=\u00bb2&#8243; accent_color=\u00bb#a06261&#8243;][vc_column_text]<\/p>\n<h3><strong>ETC.<\/strong><\/h3>\n<p>Frijoles refritos.<br \/>\nHash brown.<br \/>\nPatatas de desayuno simples o cargadas.<br \/>\nOrden de tocino, salchicha o jam\u00f3n.<br \/>\nQueso panela fresco.<br \/>\nSalsa mexicana (pico de gallo).<br \/>\nGuacamole.<br \/>\nOrden de pan tostado.<br \/>\n[\/vc_column_text][\/vc_column][\/vc_row][vc_row][vc_column]<div class=\"cz_gap clr \" style=\"height: 30px\"><\/div>[\/vc_column][\/vc_row][vc_row content_placement=\u00bbtop\u00bb][vc_column width=\u00bb1\/2&#8243;][vc_separator color=\u00bbcustom\u00bb style=\u00bbdouble\u00bb border_width=\u00bb2&#8243; accent_color=\u00bb#a06261&#8243;][vc_column_text]<\/p>\n<h3><strong>HOTCAKES<\/strong><\/h3>\n<p>Exquisitos Pancakes de suero de leche preparados con nuestra mezcla especial<\/p>\n<h4><strong>Cl\u00e1sico<\/strong><\/h4>\n<p>Tres Pancakes de suero de leche, servidos con jarabe de arce tibio, mantequilla y bayas.<\/p>\n<h4><strong>Ar\u00e1ndano<\/strong><\/h4>\n<p>Tres deliciosos Pancakes de suero de leche con ar\u00e1ndanos cubiertos con crema batida y bayas.<\/p>\n<h4><strong>Rollo Especial<\/strong><\/h4>\n<p>Delicioso rollo casero relleno de banana y nutella cubierto con crema batida, banana espolvoreada con az\u00facar glass.<\/p>\n<h4><strong>El favorito de Nicole<\/strong><\/h4>\n<p>Tres Pancakes de suero de leche con capas de mantequilla de man\u00ed y mantequilla, cubiertos con caramelo mexicano, pl\u00e1tano y crema batida.<\/p>\n<h4><strong>Fresa y nata<\/strong><\/h4>\n<p>Tres Pancakes de suero de leche con fresas cubiertos con crema batida y fresas frescas.<\/p>\n<h4><strong>Chips de chocolate<\/strong><\/h4>\n<p>Tres deliciosos hot cakes preparados con nuestra mezcla especial, rellenos con chispas de chocolate, servidos con crema batida y cubiertos con sirope de chocolate.[\/vc_column_text][vc_separator color=\u00bbcustom\u00bb style=\u00bbdouble\u00bb border_width=\u00bb2&#8243; accent_color=\u00bb#a06261&#8243;][vc_column_text]<\/p>\n<h3><strong>WAFFLES<\/strong><\/h3>\n<p>Los originales mini waffles hechos con nuestra mezcla especial<\/p>\n<h4><strong>Cl\u00e1sicos<\/strong><\/h4>\n<p>Cuatro mini waffles servidos con mantequilla y bayas.<\/p>\n<h4><strong>Nutella<\/strong><\/h4>\n<p>Cuatro mini waffles con nutella, cubiertos con fresas frescas, kiwi y nata montada.<\/p>\n<h4><strong>Pl\u00e1tano<\/strong><\/h4>\n<p>Cuatro mini waffles con pl\u00e1tano, caramelo mexicano, nueces picadas, nata montada y nueces pecanas.<\/p>\n<h4>Fresa<\/h4>\n<p>Cuatro mini waffles cubiertos con compota de fresas, nata montada y fresas frescas.<\/p>\n<h4><strong>Vallarta<\/strong><\/h4>\n<p>Cuatro mini waffles cubiertos con compota de manzana, helado de vainilla y nata montada.<\/p>\n<h4><strong>Agridulce<\/strong><\/h4>\n<p>Dos mini waffles cl\u00e1sicos, acompa\u00f1ados de dos huevos fritos hechos al momento, patatas de desayuno al natural o cargadas. A elegir entre jam\u00f3n, bacon o salchicha.[\/vc_column_text][\/vc_column][vc_column width=\u00bb1\/2&#8243;][vc_separator color=\u00bbcustom\u00bb style=\u00bbdouble\u00bb border_width=\u00bb2&#8243; accent_color=\u00bb#a06261&#8243;][vc_column_text]<\/p>\n<h3><strong>PAN FRANCES<\/strong><\/h3>\n<p>Pan casero de corte grueso ba\u00f1ado en nuestra mezcla especial<\/p>\n<h4><strong>Cl\u00e1sico<\/strong><\/h4>\n<p>Tri\u00e1ngulos de nuestro pan casero, marinado con nuestra mezcla especial, canela y az\u00facar moreno servido con bayas frescas.<\/p>\n<h4><strong>Bayas<\/strong><\/h4>\n<p>Tri\u00e1ngulos de nuestro pan casero, marinado con nuestra mezcla especial, canela y az\u00facar moreno, servido con bayas frescas, nueces y helado de fresa.<\/p>\n<h4><strong>Crujiente<\/strong><\/h4>\n<p>Tri\u00e1ngulos de nuestro pan casero, marinados con nuestra mezcla especial, con corteza de copos de ma\u00edz, servidos con bayas frescas y pl\u00e1tano.<\/p>\n<h4><strong>Manzana<\/strong><\/h4>\n<p>Tri\u00e1ngulos de pan casero de manzana, marinados con nuestra mezcla especial, cubiertos con compota de manzana, nueces pecanas, servidos con helado de vainilla y az\u00facar en polvo espolvoreado.[\/vc_column_text][vc_separator color=\u00bbcustom\u00bb style=\u00bbdouble\u00bb border_width=\u00bb2&#8243; accent_color=\u00bb#a06261&#8243;][vc_column_text]<\/p>\n<h3><strong>LOS DULCES<\/strong><\/h3>\n<p>Delicioso pan casero<br \/>\nCrema de queso y bayas azules<br \/>\nPl\u00e1tano dan\u00e9s<br \/>\nRollo de canela<br \/>\nCroissant<br \/>\nChocolatina<br \/>\nCroissant de almendra[\/vc_column_text][vc_column_text]<\/p>\n<h3><strong>MEN\u00da INFANTIL<\/strong><\/h3>\n<h4><strong>Huevos<\/strong><\/h4>\n<p>Dos huevos revueltos, a elegir entre jam\u00f3n o chorizo, servidos con frijoles refritos.<\/p>\n<h4><strong>Quesadillas<\/strong><\/h4>\n<p>Dos tortillas fluor con queso Oaxaca, servidas con frijoles refritos a elegir o fruta de temporada.<\/p>\n<h4><strong>Panecillo<\/strong><\/h4>\n<p>Huevo revuelto sobre panecillo ingl\u00e9s tostado y queso Oaxaca, servido con fruta de temporada.<\/p>\n<h4><strong>Tortilla<\/strong><\/h4>\n<p>Dos huevos con tortilla de queso Oaxaca, elecci\u00f3n de tocino, jam\u00f3n o salchicha, servido con hash browns o fruta de temporada.<\/p>\n<h4><strong>Tortitas o gofres<\/strong><\/h4>\n<p>Elecci\u00f3n de dos piezas de waffles o panqueques preparados con nuestra mezcla especial servidos con mantequilla y fruta de temporada.[\/vc_column_text][\/vc_column][\/vc_row][vc_row][vc_column]<div class=\"cz_gap clr \" style=\"height: 30px\"><\/div>[\/vc_column][\/vc_row][vc_row content_placement=\u00bbtop\u00bb][vc_column width=\u00bb1\/2&#8243;]<div class=\"cz_gap show_on_mobile clr\" style=\"height: 30px\"><\/div>[vc_separator color=\u00bbcustom\u00bb style=\u00bbdouble\u00bb border_width=\u00bb2&#8243; accent_color=\u00bb#a06261&#8243;][vc_column_text]<\/p>\n<h3><strong>CAF\u00c9 &amp; T\u00c9<\/strong><\/h3>\n<p>Caf\u00e9 americano<br \/>\nDescafeinado<br \/>\nCaf\u00e9 expr\u00e9s<br \/>\nT\u00e9 helado<br \/>\nSu elecci\u00f3n de t\u00e9<\/p>\n<p>&nbsp;<\/p>\n<h3><strong>ESPECIALES<\/strong><\/h3>\n<h4><strong>Capuchino o Latt\u00e9<\/strong><\/h4>\n<p>Con leche entera, light o sin lactosa.<\/p>\n<p>+10 con leche de almendras<\/p>\n<h4><strong>Moca<\/strong><\/h4>\n<p>Con leche entera, light o sin lactosa.<\/p>\n<p>+10 con leche de almendras[\/vc_column_text][vc_separator color=\u00bbcustom\u00bb style=\u00bbdouble\u00bb border_width=\u00bb2&#8243; accent_color=\u00bb#a06261&#8243;][vc_column_text]<\/p>\n<h3><strong>BATIDOS, ETC.<\/strong><\/h3>\n<h4><strong>Batidos<\/strong><\/h4>\n<p>Fresa, vainilla o chocolate.<\/p>\n<p>+10 con leche de almendras<\/p>\n<h4><strong>Leche<\/strong><\/h4>\n<p>Alto \/ Peque\u00f1o<\/p>\n<p>Entero, light o sin lactosa +10 con leche de Almendras<\/p>\n<h4><strong>Chocolate caliente<\/strong><\/h4>\n<h4><strong>Leche chocolatada<\/strong><\/h4>\n<p>&nbsp;<\/p>\n<h3><strong>JUGOS<\/strong><\/h3>\n<h4><strong>Naranja o Pomelo<\/strong><\/h4>\n<p>Alto \/ Peque\u00f1o<\/p>\n<h4><strong>Verde<\/strong><\/h4>\n<p>Naranja, espinaca, apio, nopal, pi\u00f1a y perejil.<\/p>\n<p>Alto \/ Peque\u00f1o<\/p>\n<h4><strong>Otros<\/strong><\/h4>\n<p>Alto \/ Peque\u00f1o[\/vc_column_text][\/vc_column][vc_column width=\u00bb1\/2&#8243;][vc_separator color=\u00bbcustom\u00bb style=\u00bbdouble\u00bb border_width=\u00bb2&#8243; accent_color=\u00bb#a06261&#8243;][vc_column_text]<\/p>\n<h3><strong>OTRAS BEBIDAS<\/strong><\/h3>\n<p>limonada o naranjada<\/p>\n<p>agua mineral o natural<\/p>\n<p>Refrescos surtidos de 12 oz.<\/p>\n<p>Agua mineral 10oz.<\/p>\n<p>Agua embotellada de 16 oz.<\/p>\n<p>&nbsp;<\/p>\n<h3><strong>DE NUESTRA BARRA<\/strong><\/h3>\n<h4><strong>Cervezas<\/strong><\/h4>\n<p>Pac\u00edfico, Corona, Modelo Especial 120z.<\/p>\n<p>Corona Light, Pacifico Light 120z.<\/p>\n<p>Negra Modelo 120z.<\/p>\n<p>&nbsp;<\/p>\n<h3><strong>DELICIAS DE LA MA\u00d1ANA<\/strong><\/h3>\n<h4><strong>Bloody Mary o C\u00e9sar<\/strong><\/h4>\n<p>Vodka, tomate o jugo de reclamo<\/p>\n<h4><strong>Mimosa<\/strong><\/h4>\n<p>Vino espumoso y jugo de naranja.<\/p>\n<h4><strong>Destornillador<\/strong><\/h4>\n<p>Vodka y jugo de naranja.<\/p>\n<h4><strong>Michelada<\/strong><\/h4>\n<p>Cerveza, lima y sal.<\/p>\n<h4><strong>Cielo Rojo<\/strong><\/h4>\n<p>Cerveza, jugo de reclamo y salsas.<\/p>\n<h4><strong>Bellini<\/strong><\/h4>\n<p>Vodka, jugo de naranja, licor de durazno y vino espumoso.<\/p>\n<h4><strong>Especial de Nicole<\/strong><\/h4>\n<p>Vodka, licor de naranja, jugo de ar\u00e1ndano y lima.<\/p>\n<h4><strong>Margaritas<\/strong><\/h4>\n<p>Tequila, licor de naranja, sour mix y diferentes sabores.<\/p>\n<h4><strong>Pi\u00f1a Colada<\/strong><\/h4>\n<p>Ron, jugo de pi\u00f1a, coco y crema espesa.<\/p>\n<h4><strong>Daiquiris<\/strong><\/h4>\n<p>Ron, jugo de lim\u00f3n, sour mix y diferentes sabores[\/vc_column_text][\/vc_column][\/vc_row]<\/p>\n<\/section>","protected":false},"excerpt":{"rendered":"<p>[vc_row][vc_column][\/vc_column][\/vc_row][vc_row][vc_column][\/vc_column][\/vc_row][vc_row content_placement=\u00bbtop\u00bb][vc_column width=\u00bb1\/2&#8243;][vc_column_text] CL\u00c1SICOS Todo americano Dos huevos fritos a elegir &#8230; <\/p>\n","protected":false},"author":1,"featured_media":0,"parent":0,"menu_order":0,"comment_status":"closed","ping_status":"closed","template":"","meta":{"footnotes":""},"yoast_head":"<!-- This site is optimized with the Yoast SEO plugin v21.3 - https:\/\/yoast.com\/wordpress\/plugins\/seo\/ -->\n<title>Menu - Hotel Casa Nicole<\/title>\n<meta name=\"robots\" content=\"index, follow, max-snippet:-1, max-image-preview:large, max-video-preview:-1\" \/>\n<link rel=\"canonical\" href=\"https:\/\/hotelcasanicole.com\/es\/menu\/\" \/>\n<meta property=\"og:locale\" content=\"es_ES\" \/>\n<meta property=\"og:type\" content=\"article\" \/>\n<meta property=\"og:title\" content=\"Menu - Hotel Casa Nicole\" \/>\n<meta property=\"og:description\" content=\"[vc_row][vc_column][\/vc_column][\/vc_row][vc_row][vc_column][\/vc_column][\/vc_row][vc_row content_placement=\u00bbtop\u00bb][vc_column width=\u00bb1\/2&#8243;][vc_column_text] CL\u00c1SICOS Todo americano Dos huevos fritos a elegir ...\" \/>\n<meta property=\"og:url\" content=\"https:\/\/hotelcasanicole.com\/es\/menu\/\" \/>\n<meta property=\"og:site_name\" content=\"Hotel Casa Nicole\" \/>\n<meta property=\"article:publisher\" content=\"https:\/\/www.facebook.com\/casanicolehotel\" \/>\n<meta property=\"article:modified_time\" content=\"2023-07-11T00:02:40+00:00\" \/>\n<meta name=\"twitter:card\" content=\"summary_large_image\" \/>\n<meta name=\"twitter:label1\" content=\"Tiempo de lectura\" \/>\n\t<meta name=\"twitter:data1\" content=\"9 minutos\" \/>\n<script type=\"application\/ld+json\" class=\"yoast-schema-graph\">{\"@context\":\"https:\/\/schema.org\",\"@graph\":[{\"@type\":\"WebPage\",\"@id\":\"https:\/\/hotelcasanicole.com\/es\/menu\/\",\"url\":\"https:\/\/hotelcasanicole.com\/es\/menu\/\",\"name\":\"Menu - Hotel Casa Nicole\",\"isPartOf\":{\"@id\":\"https:\/\/hotelcasanicole.com\/#website\"},\"datePublished\":\"2023-06-23T22:41:30+00:00\",\"dateModified\":\"2023-07-11T00:02:40+00:00\",\"breadcrumb\":{\"@id\":\"https:\/\/hotelcasanicole.com\/es\/menu\/#breadcrumb\"},\"inLanguage\":\"es\",\"potentialAction\":[{\"@type\":\"ReadAction\",\"target\":[\"https:\/\/hotelcasanicole.com\/es\/menu\/\"]}]},{\"@type\":\"BreadcrumbList\",\"@id\":\"https:\/\/hotelcasanicole.com\/es\/menu\/#breadcrumb\",\"itemListElement\":[{\"@type\":\"ListItem\",\"position\":1,\"name\":\"Home\",\"item\":\"https:\/\/hotelcasanicole.com\/es\/inicio\/\"},{\"@type\":\"ListItem\",\"position\":2,\"name\":\"Menu\"}]},{\"@type\":\"WebSite\",\"@id\":\"https:\/\/hotelcasanicole.com\/#website\",\"url\":\"https:\/\/hotelcasanicole.com\/\",\"name\":\"Hotel Casa Nicole Romantic Zone\",\"description\":\"Hotel en la Zona Romantica\",\"publisher\":{\"@id\":\"https:\/\/hotelcasanicole.com\/#organization\"},\"potentialAction\":[{\"@type\":\"SearchAction\",\"target\":{\"@type\":\"EntryPoint\",\"urlTemplate\":\"https:\/\/hotelcasanicole.com\/?s={search_term_string}\"},\"query-input\":\"required name=search_term_string\"}],\"inLanguage\":\"es\"},{\"@type\":\"Organization\",\"@id\":\"https:\/\/hotelcasanicole.com\/#organization\",\"name\":\"Hotel Casa Nicole Romantic Zone\",\"url\":\"https:\/\/hotelcasanicole.com\/\",\"logo\":{\"@type\":\"ImageObject\",\"inLanguage\":\"es\",\"@id\":\"https:\/\/hotelcasanicole.com\/#\/schema\/logo\/image\/\",\"url\":\"https:\/\/hotelcasanicole.com\/wp-content\/uploads\/2023\/06\/Hotel-Casa-Nicole-Logo.png\",\"contentUrl\":\"https:\/\/hotelcasanicole.com\/wp-content\/uploads\/2023\/06\/Hotel-Casa-Nicole-Logo.png\",\"width\":244,\"height\":166,\"caption\":\"Hotel Casa Nicole Romantic Zone\"},\"image\":{\"@id\":\"https:\/\/hotelcasanicole.com\/#\/schema\/logo\/image\/\"},\"sameAs\":[\"https:\/\/www.facebook.com\/casanicolehotel\",\"https:\/\/www.instagram.com\/casanicole_boutiquehotel\/\"]}]}<\/script>\n<!-- \/ Yoast SEO plugin. -->","yoast_head_json":{"title":"Menu - Hotel Casa Nicole","robots":{"index":"index","follow":"follow","max-snippet":"max-snippet:-1","max-image-preview":"max-image-preview:large","max-video-preview":"max-video-preview:-1"},"canonical":"https:\/\/hotelcasanicole.com\/es\/menu\/","og_locale":"es_ES","og_type":"article","og_title":"Menu - Hotel Casa Nicole","og_description":"[vc_row][vc_column][\/vc_column][\/vc_row][vc_row][vc_column][\/vc_column][\/vc_row][vc_row content_placement=\u00bbtop\u00bb][vc_column width=\u00bb1\/2&#8243;][vc_column_text] CL\u00c1SICOS Todo americano Dos huevos fritos a elegir ...","og_url":"https:\/\/hotelcasanicole.com\/es\/menu\/","og_site_name":"Hotel Casa Nicole","article_publisher":"https:\/\/www.facebook.com\/casanicolehotel","article_modified_time":"2023-07-11T00:02:40+00:00","twitter_card":"summary_large_image","twitter_misc":{"Tiempo de lectura":"9 minutos"},"schema":{"@context":"https:\/\/schema.org","@graph":[{"@type":"WebPage","@id":"https:\/\/hotelcasanicole.com\/es\/menu\/","url":"https:\/\/hotelcasanicole.com\/es\/menu\/","name":"Menu - Hotel Casa Nicole","isPartOf":{"@id":"https:\/\/hotelcasanicole.com\/#website"},"datePublished":"2023-06-23T22:41:30+00:00","dateModified":"2023-07-11T00:02:40+00:00","breadcrumb":{"@id":"https:\/\/hotelcasanicole.com\/es\/menu\/#breadcrumb"},"inLanguage":"es","potentialAction":[{"@type":"ReadAction","target":["https:\/\/hotelcasanicole.com\/es\/menu\/"]}]},{"@type":"BreadcrumbList","@id":"https:\/\/hotelcasanicole.com\/es\/menu\/#breadcrumb","itemListElement":[{"@type":"ListItem","position":1,"name":"Home","item":"https:\/\/hotelcasanicole.com\/es\/inicio\/"},{"@type":"ListItem","position":2,"name":"Menu"}]},{"@type":"WebSite","@id":"https:\/\/hotelcasanicole.com\/#website","url":"https:\/\/hotelcasanicole.com\/","name":"Hotel Casa Nicole Romantic Zone","description":"Hotel en la Zona Romantica","publisher":{"@id":"https:\/\/hotelcasanicole.com\/#organization"},"potentialAction":[{"@type":"SearchAction","target":{"@type":"EntryPoint","urlTemplate":"https:\/\/hotelcasanicole.com\/?s={search_term_string}"},"query-input":"required name=search_term_string"}],"inLanguage":"es"},{"@type":"Organization","@id":"https:\/\/hotelcasanicole.com\/#organization","name":"Hotel Casa Nicole Romantic Zone","url":"https:\/\/hotelcasanicole.com\/","logo":{"@type":"ImageObject","inLanguage":"es","@id":"https:\/\/hotelcasanicole.com\/#\/schema\/logo\/image\/","url":"https:\/\/hotelcasanicole.com\/wp-content\/uploads\/2023\/06\/Hotel-Casa-Nicole-Logo.png","contentUrl":"https:\/\/hotelcasanicole.com\/wp-content\/uploads\/2023\/06\/Hotel-Casa-Nicole-Logo.png","width":244,"height":166,"caption":"Hotel Casa Nicole Romantic Zone"},"image":{"@id":"https:\/\/hotelcasanicole.com\/#\/schema\/logo\/image\/"},"sameAs":["https:\/\/www.facebook.com\/casanicolehotel","https:\/\/www.instagram.com\/casanicole_boutiquehotel\/"]}]}},"_links":{"self":[{"href":"https:\/\/hotelcasanicole.com\/es\/wp-json\/wp\/v2\/pages\/2496"}],"collection":[{"href":"https:\/\/hotelcasanicole.com\/es\/wp-json\/wp\/v2\/pages"}],"about":[{"href":"https:\/\/hotelcasanicole.com\/es\/wp-json\/wp\/v2\/types\/page"}],"author":[{"embeddable":true,"href":"https:\/\/hotelcasanicole.com\/es\/wp-json\/wp\/v2\/users\/1"}],"replies":[{"embeddable":true,"href":"https:\/\/hotelcasanicole.com\/es\/wp-json\/wp\/v2\/comments?post=2496"}],"version-history":[{"count":9,"href":"https:\/\/hotelcasanicole.com\/es\/wp-json\/wp\/v2\/pages\/2496\/revisions"}],"predecessor-version":[{"id":2585,"href":"https:\/\/hotelcasanicole.com\/es\/wp-json\/wp\/v2\/pages\/2496\/revisions\/2585"}],"wp:attachment":[{"href":"https:\/\/hotelcasanicole.com\/es\/wp-json\/wp\/v2\/media?parent=2496"}],"curies":[{"name":"wp","href":"https:\/\/api.w.org\/{rel}","templated":true}]}}