{"id":2499,"date":"2023-06-27T18:11:10","date_gmt":"2023-06-27T23:11:10","guid":{"rendered":"https:\/\/hotelcasanicole.com\/v2\/policies\/"},"modified":"2023-07-11T12:19:43","modified_gmt":"2023-07-11T17:19:43","slug":"politicas","status":"publish","type":"page","link":"https:\/\/hotelcasanicole.com\/es\/politicas\/","title":{"rendered":"Politicas"},"content":{"rendered":"<section class=\"wpb-content-wrapper\"><div class=\"title_outer title_without_animation\" data-height=\"200\">\n<div class=\"title title_size_large  position_center\">\n<div class=\"title_holder\">\n<div class=\"container\">\n<div class=\"container_inner clearfix\">\n<div class=\"title_subtitle_holder\">\n<h1>Pol\u00edtica de privacidad<\/h1>\n<\/div>\n<\/div>\n<\/div>\n<\/div>\n<\/div>\n<\/div>\n<div class=\"container\">\n<div class=\"container_inner default_template_holder clearfix page_container_inner\">\n<div class=\"vc_row wpb_row section vc_row-fluid\">\n<div class=\"full_section_inner clearfix\">\n<div class=\"wpb_column vc_column_container vc_col-sm-2\">\n<div class=\"vc_column-inner\">\n<div class=\"wpb_wrapper\"><\/div>\n<\/div>\n<\/div>\n<div class=\"wpb_column vc_column_container vc_col-sm-8\">\n<div class=\"vc_column-inner\">\n<div class=\"wpb_wrapper\">\n<div class=\"wpb_text_column wpb_content_element  justificado\">\n<div class=\"wpb_wrapper\">\n<p>Esta declaraci\u00f3n de privacidad se aplica a\u00a0<a href=\"https:\/\/hotelcasanicole.com\/es\/\">https:\/\/hotelcasanicole.com\/<\/a>\u00a0propiedad y operado por Hotel Casa Nicole. Esta declaraci\u00f3n de privacidad describe c\u00f3mo recopilamos y utilizamos la informaci\u00f3n personal que proporciona en nuestro sitio web:\u00a0<a href=\"https:\/\/hotelcasanicole.com\/es\/\">https:\/\/hotelcasanicole.com\/<\/a>\u00a0Tambi\u00e9n describe las opciones disponibles para usted con respecto a nuestro uso de su informaci\u00f3n personal y c\u00f3mo puede acceder y actualizar esta informaci\u00f3n. Es posible que modifiquemos esta declaraci\u00f3n de privacidad de vez en cuando, as\u00ed que visite esta p\u00e1gina regularmente para mantenerse al tanto de las actualizaciones.<\/p>\n<p>&nbsp;<\/p>\n<h4><strong>Los tipos de informaci\u00f3n personal que recopilamos.<\/strong><\/h4>\n<p>&nbsp;<\/p>\n<p>Los tipos de informaci\u00f3n personal que recopilamos incluyen:<\/p>\n<p>&nbsp;<\/p>\n<p>-Su nombre, apellido, direcci\u00f3n de correo electr\u00f3nico, n\u00famero de tel\u00e9fono y domicilio;<\/p>\n<p>-Datos de la tarjeta de cr\u00e9dito (tipo de tarjeta, n\u00famero de tarjeta de cr\u00e9dito, nombre en la tarjeta, fecha de vencimiento y c\u00f3digo de seguridad);<\/p>\n<p>-Informaci\u00f3n sobre la estad\u00eda del hu\u00e9sped, incluida la fecha de llegada y salida, las solicitudes especiales realizadas, las observaciones sobre sus preferencias de servicio (incluidas las preferencias de habitaci\u00f3n, las instalaciones o cualquier otro servicio utilizado);<\/p>\n<p>-Informaci\u00f3n que proporcione con respecto a sus preferencias de marketing o en el curso de su participaci\u00f3n en encuestas, concursos u ofertas promocionales;<\/p>\n<p>&nbsp;<\/p>\n<p>Cuando visita nuestro sitio web, incluso si no hace una reserva, podemos recopilar cierta informaci\u00f3n, como su direcci\u00f3n IP, qu\u00e9 navegador est\u00e1 usando e informaci\u00f3n sobre el sistema operativo de su computadora, la versi\u00f3n de la aplicaci\u00f3n, las configuraciones de idioma y las p\u00e1ginas que se te ha mostrado. Si est\u00e1 utilizando un dispositivo m\u00f3vil, tambi\u00e9n podr\u00edamos recopilar datos que identifiquen su dispositivo m\u00f3vil, configuraciones y caracter\u00edsticas espec\u00edficas del dispositivo y detalles de latitud \/ longitud. Cuando realiza una reserva, nuestro sistema se registra a trav\u00e9s de qu\u00e9 medios y desde qu\u00e9 sitios web ha realizado su reserva. Si estos datos pueden identificarlo como una persona f\u00edsica, estos datos se consideran informaci\u00f3n personal que est\u00e1 sujeta a esta declaraci\u00f3n de privacidad.<\/p>\n<p>&nbsp;<\/p>\n<p>Siempre puede elegir qu\u00e9 informaci\u00f3n personal (si la hay) que desea proporcionarnos. Sin embargo, si elige no proporcionar ciertos detalles, algunas de sus transacciones con nosotros pueden verse afectadas.<\/p>\n<p>&nbsp;<\/p>\n<h4><strong>\u00bfPor qu\u00e9 recopilamos, usamos y compartimos su informaci\u00f3n personal?<\/strong><\/h4>\n<p>&nbsp;<\/p>\n<p>-Reservas: utilizamos su informaci\u00f3n personal para completar y administrar su reserva en l\u00ednea y para enviarle un correo electr\u00f3nico de confirmaci\u00f3n, un correo electr\u00f3nico previo a la llegada y brindarle informaci\u00f3n sobre el \u00e1rea y nuestro alojamiento.<\/p>\n<p>-Atenci\u00f3n al cliente: utilizamos su informaci\u00f3n personal para brindar atenci\u00f3n al cliente.<\/p>\n<p>-Comentarios de hu\u00e9spedes: podemos usar su informaci\u00f3n de contacto para invitarlo por correo electr\u00f3nico a escribir un comentario de hu\u00e9sped despu\u00e9s de su estad\u00eda. Esto puede ayudar a otros viajeros a elegir el alojamiento que m\u00e1s les convenga.<\/p>\n<p>-Actividades de marketing: tambi\u00e9n utilizamos su informaci\u00f3n para actividades de marketing, seg\u00fan lo permita la ley.<\/p>\n<p>-Otras comunicaciones: puede haber otras ocasiones en las que nos comuniquemos con usted por correo electr\u00f3nico, correo postal, tel\u00e9fono o mensaje de texto, seg\u00fan la informaci\u00f3n de contacto que comparta con nosotros. Puede haber varias razones para esto:<\/p>\n<p>-Es posible que necesitemos responder y manejar las solicitudes que haya realizado.<\/p>\n<p>-Si no ha finalizado una reserva en l\u00ednea, es posible que le enviemos un correo electr\u00f3nico para recordarle que contin\u00fae con su reserva. Creemos que este servicio adicional te resulta \u00fatil porque te permite continuar con una reserva sin tener que volver a buscar el alojamiento o rellenar todos los datos de la reserva desde cero.<\/p>\n<p>-Cuando utiliza nuestros servicios, podemos enviarle un cuestionario o invitarlo a proporcionar una revisi\u00f3n sobre su experiencia con nuestro sitio web.<\/p>\n<p>-Cumplir con las obligaciones reglamentarias y legales: podemos utilizar su informaci\u00f3n personal para cumplir con las obligaciones reglamentarias y legales.<\/p>\n<p>-Detecci\u00f3n y prevenci\u00f3n de fraudes: podemos utilizar su informaci\u00f3n personal para la detecci\u00f3n y prevenci\u00f3n de fraudes y otras actividades ilegales o no deseadas.<\/p>\n<p>-Mejorar nuestros servicios: finalmente, utilizamos su informaci\u00f3n personal con fines anal\u00edticos, para mejorar nuestros servicios, mejorar la experiencia del usuario y mejorar la funcionalidad y la calidad de nuestros servicios de viajes en l\u00ednea.<\/p>\n<p>&nbsp;<\/p>\n<h4><strong>\u00bfC\u00f3mo compartimos su informaci\u00f3n personal con terceros?<\/strong><\/h4>\n<p>&nbsp;<\/p>\n<p>Podemos compartir su informaci\u00f3n personal con terceros tal como se establece a continuaci\u00f3n.<\/p>\n<p>&nbsp;<\/p>\n<p>-Proveedores de servicios de terceros: podemos utilizar proveedores de servicios para procesar su informaci\u00f3n personal estrictamente en nuestro nombre. Este procesamiento ser\u00eda para fines tales como facilitar los pagos de reservas, enviar material de marketing o servicios de soporte anal\u00edtico. Estos procesadores est\u00e1n sujetos a cl\u00e1usulas de confidencialidad y no pueden usar sus datos personales para sus propios fines o para cualquier otro prop\u00f3sito.<\/p>\n<p>-Autoridades competentes: divulgamos informaci\u00f3n personal a las fuerzas del orden y otras autoridades gubernamentales en la medida en que lo exija la ley o sea estrictamente necesario para la prevenci\u00f3n, detecci\u00f3n o enjuiciamiento de actos delictivos y fraude.<\/p>\n<p>&nbsp;<\/p>\n<p>Retenci\u00f3n de informaci\u00f3n personal Retendremos su informaci\u00f3n personal por el tiempo que consideremos necesario para proporcionarle servicios, cumplir con las leyes aplicables (incluidas las relacionadas con la retenci\u00f3n de documentos), resolver disputas con terceros<\/p>\n<p>&nbsp;<\/p>\n<h4><strong>Cookies<\/strong><\/h4>\n<p>&nbsp;<\/p>\n<p>\u00bfQu\u00e9 son las cookies? Las cookies son peque\u00f1os archivos de datos que un sitio web puede colocar en su computadora o dispositivo m\u00f3vil cuando visita ese sitio web. La mayor\u00eda de los sitios web utilizan cookies porque ayudan a que el sitio web funcione mejor.<\/p>\n<p>&nbsp;<\/p>\n<h4><strong>Seguridad<\/strong><\/h4>\n<p>&nbsp;<\/p>\n<p>\u00bfQu\u00e9 procedimientos de seguridad tenemos implementados para salvaguardar su informaci\u00f3n personal? Usamos sistemas y procedimientos comerciales apropiados para proteger y salvaguardar cualquier informaci\u00f3n personal que se nos proporcione. Tambi\u00e9n utilizamos procedimientos de seguridad y restricciones t\u00e9cnicas y f\u00edsicas para acceder y utilizar la informaci\u00f3n personal en nuestros servidores. Solo el personal autorizado puede acceder a la informaci\u00f3n personal en el curso de su trabajo.<\/p>\n<p>&nbsp;<\/p>\n<p>Acceso a la informaci\u00f3n\u00bfC\u00f3mo puede controlar la informaci\u00f3n personal que nos ha proporcionado? Tiene derecho a revisar la informaci\u00f3n personal que guardamos sobre usted. Puede solicitar una descripci\u00f3n general de su informaci\u00f3n personal envi\u00e1ndonos un correo electr\u00f3nico a\u00a0<a href=\"mailto:info@hotelcasanicole.com\">info@hotelcasanicole.com<\/a>\u00a0Le rogamos que escriba \u00abSolicitar informaci\u00f3n personal\u00bb en el asunto de su correo electr\u00f3nico.<\/p>\n<p>&nbsp;<\/p>\n<p>Le pedimos que mantenga su informaci\u00f3n personal precisa y actualizada. Si la informaci\u00f3n personal que tenemos sobre usted es incorrecta, est\u00e1 desactualizada o ya no es relevante para los fines recopilados, la actualizaremos o eliminaremos a petici\u00f3n suya. Le rogamos se ponga en contacto\u00a0<a href=\"mailto:info@hotelcasanicole.com\">info@hotelcasanicole.com<\/a>\u00a0 Responderemos a su solicitud en un plazo de 30 d\u00edas. Sin embargo, es posible que debamos conservar cierta informaci\u00f3n, por ejemplo, con fines legales o administrativos, como el mantenimiento de registros o para detectar actividades fraudulentas.<\/p>\n<p>&nbsp;<\/p>\n<h4><strong>Cont\u00e1ctanos<\/strong><\/h4>\n<p>&nbsp;<\/p>\n<p>Hotel Casa Nicole\u00a0controla el procesamiento de la informaci\u00f3n personal recopilada desde el sitio web y a trav\u00e9s de las cookies. Si tiene alguna sugerencia, solicitud o comentario sobre privacidad, informaci\u00f3n personal, cookies y c\u00f3mo manejamos la informaci\u00f3n personal, puede enviar un correo electr\u00f3nico a\u00a0<a href=\"mailto:info@hotelcasanicole.com\">info@hotelcasanicole.com<\/a><\/p>\n<\/div>\n<p>&nbsp;<\/p>\n<\/div>\n<\/div>\n<\/div>\n<\/div>\n<\/div>\n<\/div>\n<\/div>\n<\/div>\n<div class=\"qode-accordion-holder clearfix qode-accordion qode-initial ui-accordion ui-widget ui-helper-reset\" role=\"tablist\">\n<div id=\"ui-id-10\" class=\"qode-accordion-content ui-accordion-content ui-helper-reset ui-widget-content ui-corner-bottom ui-accordion-content-active\" role=\"tabpanel\" aria-labelledby=\"ui-id-9\" aria-hidden=\"false\">\n<div class=\"qode-accordion-content-inner\">\n<div class=\"wpb_text_column wpb_content_element \">\n<div class=\"wpb_wrapper\">\n<p>&nbsp;<\/p>\n<\/div>\n<\/div>\n<\/div>\n<\/div>\n<\/div>\n<\/section>","protected":false},"excerpt":{"rendered":"<p>Pol\u00edtica de privacidad Esta declaraci\u00f3n de privacidad se aplica a\u00a0https:\/\/hotelcasanicole.com\/\u00a0propiedad y &#8230; <\/p>\n","protected":false},"author":1,"featured_media":0,"parent":0,"menu_order":0,"comment_status":"closed","ping_status":"closed","template":"","meta":{"footnotes":""},"yoast_head":"<!-- This site is optimized with the Yoast SEO plugin v21.3 - https:\/\/yoast.com\/wordpress\/plugins\/seo\/ -->\n<title>Politicas - Hotel Casa Nicole<\/title>\n<meta name=\"robots\" content=\"index, follow, max-snippet:-1, max-image-preview:large, max-video-preview:-1\" \/>\n<link rel=\"canonical\" href=\"https:\/\/hotelcasanicole.com\/es\/politicas\/\" \/>\n<meta property=\"og:locale\" content=\"es_ES\" \/>\n<meta property=\"og:type\" content=\"article\" \/>\n<meta property=\"og:title\" content=\"Politicas - Hotel Casa Nicole\" \/>\n<meta property=\"og:description\" content=\"Pol\u00edtica de privacidad Esta declaraci\u00f3n de privacidad se aplica a\u00a0https:\/\/hotelcasanicole.com\/\u00a0propiedad y ...\" \/>\n<meta property=\"og:url\" content=\"https:\/\/hotelcasanicole.com\/es\/politicas\/\" \/>\n<meta property=\"og:site_name\" content=\"Hotel Casa Nicole\" \/>\n<meta property=\"article:publisher\" content=\"https:\/\/www.facebook.com\/casanicolehotel\" \/>\n<meta property=\"article:modified_time\" content=\"2023-07-11T17:19:43+00:00\" \/>\n<meta name=\"twitter:card\" content=\"summary_large_image\" \/>\n<meta name=\"twitter:label1\" content=\"Tiempo de lectura\" \/>\n\t<meta name=\"twitter:data1\" content=\"6 minutos\" \/>\n<script type=\"application\/ld+json\" class=\"yoast-schema-graph\">{\"@context\":\"https:\/\/schema.org\",\"@graph\":[{\"@type\":\"WebPage\",\"@id\":\"https:\/\/hotelcasanicole.com\/es\/politicas\/\",\"url\":\"https:\/\/hotelcasanicole.com\/es\/politicas\/\",\"name\":\"Politicas - Hotel Casa Nicole\",\"isPartOf\":{\"@id\":\"https:\/\/hotelcasanicole.com\/#website\"},\"datePublished\":\"2023-06-27T23:11:10+00:00\",\"dateModified\":\"2023-07-11T17:19:43+00:00\",\"breadcrumb\":{\"@id\":\"https:\/\/hotelcasanicole.com\/es\/politicas\/#breadcrumb\"},\"inLanguage\":\"es\",\"potentialAction\":[{\"@type\":\"ReadAction\",\"target\":[\"https:\/\/hotelcasanicole.com\/es\/politicas\/\"]}]},{\"@type\":\"BreadcrumbList\",\"@id\":\"https:\/\/hotelcasanicole.com\/es\/politicas\/#breadcrumb\",\"itemListElement\":[{\"@type\":\"ListItem\",\"position\":1,\"name\":\"Home\",\"item\":\"https:\/\/hotelcasanicole.com\/es\/inicio\/\"},{\"@type\":\"ListItem\",\"position\":2,\"name\":\"Politicas\"}]},{\"@type\":\"WebSite\",\"@id\":\"https:\/\/hotelcasanicole.com\/#website\",\"url\":\"https:\/\/hotelcasanicole.com\/\",\"name\":\"Hotel Casa Nicole Romantic Zone\",\"description\":\"Hotel en la Zona Romantica\",\"publisher\":{\"@id\":\"https:\/\/hotelcasanicole.com\/#organization\"},\"potentialAction\":[{\"@type\":\"SearchAction\",\"target\":{\"@type\":\"EntryPoint\",\"urlTemplate\":\"https:\/\/hotelcasanicole.com\/?s={search_term_string}\"},\"query-input\":\"required name=search_term_string\"}],\"inLanguage\":\"es\"},{\"@type\":\"Organization\",\"@id\":\"https:\/\/hotelcasanicole.com\/#organization\",\"name\":\"Hotel Casa Nicole Romantic Zone\",\"url\":\"https:\/\/hotelcasanicole.com\/\",\"logo\":{\"@type\":\"ImageObject\",\"inLanguage\":\"es\",\"@id\":\"https:\/\/hotelcasanicole.com\/#\/schema\/logo\/image\/\",\"url\":\"https:\/\/hotelcasanicole.com\/wp-content\/uploads\/2023\/06\/Hotel-Casa-Nicole-Logo.png\",\"contentUrl\":\"https:\/\/hotelcasanicole.com\/wp-content\/uploads\/2023\/06\/Hotel-Casa-Nicole-Logo.png\",\"width\":244,\"height\":166,\"caption\":\"Hotel Casa Nicole Romantic Zone\"},\"image\":{\"@id\":\"https:\/\/hotelcasanicole.com\/#\/schema\/logo\/image\/\"},\"sameAs\":[\"https:\/\/www.facebook.com\/casanicolehotel\",\"https:\/\/www.instagram.com\/casanicole_boutiquehotel\/\"]}]}<\/script>\n<!-- \/ Yoast SEO plugin. -->","yoast_head_json":{"title":"Politicas - Hotel Casa Nicole","robots":{"index":"index","follow":"follow","max-snippet":"max-snippet:-1","max-image-preview":"max-image-preview:large","max-video-preview":"max-video-preview:-1"},"canonical":"https:\/\/hotelcasanicole.com\/es\/politicas\/","og_locale":"es_ES","og_type":"article","og_title":"Politicas - Hotel Casa Nicole","og_description":"Pol\u00edtica de privacidad Esta declaraci\u00f3n de privacidad se aplica a\u00a0https:\/\/hotelcasanicole.com\/\u00a0propiedad y ...","og_url":"https:\/\/hotelcasanicole.com\/es\/politicas\/","og_site_name":"Hotel Casa Nicole","article_publisher":"https:\/\/www.facebook.com\/casanicolehotel","article_modified_time":"2023-07-11T17:19:43+00:00","twitter_card":"summary_large_image","twitter_misc":{"Tiempo de lectura":"6 minutos"},"schema":{"@context":"https:\/\/schema.org","@graph":[{"@type":"WebPage","@id":"https:\/\/hotelcasanicole.com\/es\/politicas\/","url":"https:\/\/hotelcasanicole.com\/es\/politicas\/","name":"Politicas - Hotel Casa Nicole","isPartOf":{"@id":"https:\/\/hotelcasanicole.com\/#website"},"datePublished":"2023-06-27T23:11:10+00:00","dateModified":"2023-07-11T17:19:43+00:00","breadcrumb":{"@id":"https:\/\/hotelcasanicole.com\/es\/politicas\/#breadcrumb"},"inLanguage":"es","potentialAction":[{"@type":"ReadAction","target":["https:\/\/hotelcasanicole.com\/es\/politicas\/"]}]},{"@type":"BreadcrumbList","@id":"https:\/\/hotelcasanicole.com\/es\/politicas\/#breadcrumb","itemListElement":[{"@type":"ListItem","position":1,"name":"Home","item":"https:\/\/hotelcasanicole.com\/es\/inicio\/"},{"@type":"ListItem","position":2,"name":"Politicas"}]},{"@type":"WebSite","@id":"https:\/\/hotelcasanicole.com\/#website","url":"https:\/\/hotelcasanicole.com\/","name":"Hotel Casa Nicole Romantic Zone","description":"Hotel en la Zona Romantica","publisher":{"@id":"https:\/\/hotelcasanicole.com\/#organization"},"potentialAction":[{"@type":"SearchAction","target":{"@type":"EntryPoint","urlTemplate":"https:\/\/hotelcasanicole.com\/?s={search_term_string}"},"query-input":"required name=search_term_string"}],"inLanguage":"es"},{"@type":"Organization","@id":"https:\/\/hotelcasanicole.com\/#organization","name":"Hotel Casa Nicole Romantic Zone","url":"https:\/\/hotelcasanicole.com\/","logo":{"@type":"ImageObject","inLanguage":"es","@id":"https:\/\/hotelcasanicole.com\/#\/schema\/logo\/image\/","url":"https:\/\/hotelcasanicole.com\/wp-content\/uploads\/2023\/06\/Hotel-Casa-Nicole-Logo.png","contentUrl":"https:\/\/hotelcasanicole.com\/wp-content\/uploads\/2023\/06\/Hotel-Casa-Nicole-Logo.png","width":244,"height":166,"caption":"Hotel Casa Nicole Romantic Zone"},"image":{"@id":"https:\/\/hotelcasanicole.com\/#\/schema\/logo\/image\/"},"sameAs":["https:\/\/www.facebook.com\/casanicolehotel","https:\/\/www.instagram.com\/casanicole_boutiquehotel\/"]}]}},"_links":{"self":[{"href":"https:\/\/hotelcasanicole.com\/es\/wp-json\/wp\/v2\/pages\/2499"}],"collection":[{"href":"https:\/\/hotelcasanicole.com\/es\/wp-json\/wp\/v2\/pages"}],"about":[{"href":"https:\/\/hotelcasanicole.com\/es\/wp-json\/wp\/v2\/types\/page"}],"author":[{"embeddable":true,"href":"https:\/\/hotelcasanicole.com\/es\/wp-json\/wp\/v2\/users\/1"}],"replies":[{"embeddable":true,"href":"https:\/\/hotelcasanicole.com\/es\/wp-json\/wp\/v2\/comments?post=2499"}],"version-history":[{"count":4,"href":"https:\/\/hotelcasanicole.com\/es\/wp-json\/wp\/v2\/pages\/2499\/revisions"}],"predecessor-version":[{"id":2593,"href":"https:\/\/hotelcasanicole.com\/es\/wp-json\/wp\/v2\/pages\/2499\/revisions\/2593"}],"wp:attachment":[{"href":"https:\/\/hotelcasanicole.com\/es\/wp-json\/wp\/v2\/media?parent=2499"}],"curies":[{"name":"wp","href":"https:\/\/api.w.org\/{rel}","templated":true}]}}