{"id":2548,"date":"2023-07-04T13:20:06","date_gmt":"2023-07-04T18:20:06","guid":{"rendered":"https:\/\/hotelcasanicole.com\/v2\/?page_id=2548"},"modified":"2023-07-11T12:57:41","modified_gmt":"2023-07-11T17:57:41","slug":"terminos-and-condiciones","status":"publish","type":"page","link":"https:\/\/hotelcasanicole.com\/es\/terminos-and-condiciones\/","title":{"rendered":"Terminos and Condiciones"},"content":{"rendered":"<section class=\"wpb-content-wrapper\"><p>[vc_row][vc_column width=\u00bb2\/3&#8243;]<div id=\"cz_90140\" class=\"cz_90140 cz_title clr cz_title_pos_inline\"><div class=\"cz_title_content\"><div class=\"cz_wpe_content\"><h3>T\u00e9rminos y Condiciones<\/h3>\n<\/div><\/div><\/div>[\/vc_column][vc_column width=\u00bb1\/3&#8243;][\/vc_column][\/vc_row][vc_row][vc_column]<div class=\"cz_gap clr  hide_on_mobile\" style=\"height: 90px\"><\/div><div class=\"cz_gap show_on_mobile clr\" style=\"height: 30px\"><\/div>[\/vc_column][\/vc_row][vc_row][vc_column]<div id=\"cz_110568\" class=\"cz_110568 cz_title clr cz_title_pos_inline\"><div class=\"cz_title_content\"><div class=\"cz_wpe_content\"><h4>Hora de entrada\/salida<\/h4>\n<p>Llegada: 15:00<br \/>\nSalida: 11:00 a.m.<\/p>\n<p>&nbsp;<\/p>\n<h4>Llegadas anticipadas y salidas tard\u00edas<\/h4>\n<p>Si espera llegar temprano en el d\u00eda y desea acceso inmediato a su habitaci\u00f3n, le recomendamos reservar la habitaci\u00f3n para la noche anterior para garantizar el acceso inmediato. Del mismo modo, para salidas tard\u00edas, la reserva de una noche adicional garantizar\u00e1 el acceso a su habitaci\u00f3n de hu\u00e9spedes hasta su partida. Si decide no reservar, estaremos encantados de guardar su equipaje y poner a su disposici\u00f3n nuestras instalaciones de fitness para que pueda refrescarse.<\/p>\n<p>&nbsp;<\/p>\n<h4>Garant\u00eda de Reservas y Dep\u00f3sitos<\/h4>\n<p>En Casa Nicole, una reserva garantizada le asegura una habitaci\u00f3n incluso si llega tarde (despu\u00e9s de las 6:00 p. M.). Todas las reservas realizadas a trav\u00e9s del sitio web deben estar garantizadas por una de las principales tarjetas de cr\u00e9dito. Ciertas fechas de llegada y tarifas pueden requerir un dep\u00f3sito. Verifique los requisitos de dep\u00f3sito total al momento de la reserva.<\/p>\n<p>&nbsp;<\/p>\n<h4>Pol\u00edtica de cancelaci\u00f3n<\/h4>\n<p>Los requisitos de cancelaci\u00f3n y dep\u00f3sito pueden variar seg\u00fan la fecha de llegada, el tipo de habitaci\u00f3n y la oferta reservada. Para obtener m\u00e1s informaci\u00f3n, consulte en el momento de la reserva.<\/p>\n<p>&nbsp;<\/p>\n<h4>Tarifas no reembolsables<\/h4>\n<p>Tenga en cuenta que algunas tarifas y \/ o fechas especiales est\u00e1n marcadas como no reembolsables y no cancelables, en cuyo caso el importe total se cobrar\u00e1 al momento de la confirmaci\u00f3n de la reserva. Es importante leer las Pol\u00edticas de Cancelaci\u00f3n al momento de la reserva, ya que el correo electr\u00f3nico de confirmaci\u00f3n puede o no reflejar el tipo de tarifa reservada y se aplicar\u00e1 la penalidad total en caso de incumplimiento de una tarifa no reembolsable y no cancelable. AVISO IMPORTANTE: las pol\u00edticas y tarifas pueden variar sin previo aviso.<\/p>\n<p>&nbsp;<\/p>\n<h4>Pol\u00edtica de ni\u00f1os<\/h4>\n<p>Ni\u00f1os de 0 a 6 a\u00f1os pueden hospedarse gratis siempre y cuando no se exceda la capacidad m\u00e1xima de la habitaci\u00f3n.<\/p>\n<p>&nbsp;<\/p>\n<h4>Se aceptan tarjetas de d\u00e9bito y cr\u00e9dito<\/h4>\n<p>Visa, American Express, Mastercard.<\/p>\n<\/div><\/div><\/div><div class=\"cz_gap clr  hide_on_mobile\" style=\"height: 90px\"><\/div><div class=\"cz_gap show_on_mobile clr\" style=\"height: 30px\"><\/div><div class=\"\"><div class=\"cz_15687_p\"><a id=\"cz_15687\" class=\"cz_15687 cz_btn cz_btn_txt_no_fx cz_btn_no_fx cz_mobile_btn_center\" href=\"https:\/\/hotelcasanicole.com\/v2\/wp-content\/uploads\/2023\/07\/REGLAMENTO-ESP.docx.pdf\" target=\"_blank\"><span><strong>Descargar reglamento<\/strong><\/span><b class=\"cz_btn_onhover\"><strong>Descargar reglamento<\/strong><\/b><\/a><\/div><\/div>[\/vc_column][\/vc_row]<\/p>\n<\/section>","protected":false},"excerpt":{"rendered":"<p>[vc_row][vc_column width=\u00bb2\/3&#8243;][\/vc_column][vc_column width=\u00bb1\/3&#8243;][\/vc_column][\/vc_row][vc_row][vc_column][\/vc_column][\/vc_row][vc_row][vc_column][\/vc_column][\/vc_row] &#8230; <\/p>\n","protected":false},"author":1,"featured_media":0,"parent":0,"menu_order":0,"comment_status":"closed","ping_status":"closed","template":"","meta":{"footnotes":""},"yoast_head":"<!-- This site is optimized with the Yoast SEO plugin v21.3 - https:\/\/yoast.com\/wordpress\/plugins\/seo\/ -->\n<title>Terminos and Condiciones - Hotel Casa Nicole<\/title>\n<meta name=\"robots\" content=\"index, follow, max-snippet:-1, max-image-preview:large, max-video-preview:-1\" \/>\n<link rel=\"canonical\" href=\"https:\/\/hotelcasanicole.com\/es\/terminos-and-condiciones\/\" \/>\n<meta property=\"og:locale\" content=\"es_ES\" \/>\n<meta property=\"og:type\" content=\"article\" \/>\n<meta property=\"og:title\" content=\"Terminos and Condiciones - Hotel Casa Nicole\" \/>\n<meta property=\"og:description\" content=\"[vc_row][vc_column width=\u00bb2\/3&#8243;][\/vc_column][vc_column width=\u00bb1\/3&#8243;][\/vc_column][\/vc_row][vc_row][vc_column][\/vc_column][\/vc_row][vc_row][vc_column][\/vc_column][\/vc_row] ...\" \/>\n<meta property=\"og:url\" content=\"https:\/\/hotelcasanicole.com\/es\/terminos-and-condiciones\/\" \/>\n<meta property=\"og:site_name\" content=\"Hotel Casa Nicole\" \/>\n<meta property=\"article:publisher\" content=\"https:\/\/www.facebook.com\/casanicolehotel\" \/>\n<meta property=\"article:modified_time\" content=\"2023-07-11T17:57:41+00:00\" \/>\n<meta name=\"twitter:card\" content=\"summary_large_image\" \/>\n<meta name=\"twitter:label1\" content=\"Tiempo de lectura\" \/>\n\t<meta name=\"twitter:data1\" content=\"2 minutos\" \/>\n<script type=\"application\/ld+json\" class=\"yoast-schema-graph\">{\"@context\":\"https:\/\/schema.org\",\"@graph\":[{\"@type\":\"WebPage\",\"@id\":\"https:\/\/hotelcasanicole.com\/es\/terminos-and-condiciones\/\",\"url\":\"https:\/\/hotelcasanicole.com\/es\/terminos-and-condiciones\/\",\"name\":\"Terminos and Condiciones - Hotel Casa Nicole\",\"isPartOf\":{\"@id\":\"https:\/\/hotelcasanicole.com\/#website\"},\"datePublished\":\"2023-07-04T18:20:06+00:00\",\"dateModified\":\"2023-07-11T17:57:41+00:00\",\"breadcrumb\":{\"@id\":\"https:\/\/hotelcasanicole.com\/es\/terminos-and-condiciones\/#breadcrumb\"},\"inLanguage\":\"es\",\"potentialAction\":[{\"@type\":\"ReadAction\",\"target\":[\"https:\/\/hotelcasanicole.com\/es\/terminos-and-condiciones\/\"]}]},{\"@type\":\"BreadcrumbList\",\"@id\":\"https:\/\/hotelcasanicole.com\/es\/terminos-and-condiciones\/#breadcrumb\",\"itemListElement\":[{\"@type\":\"ListItem\",\"position\":1,\"name\":\"Home\",\"item\":\"https:\/\/hotelcasanicole.com\/es\/inicio\/\"},{\"@type\":\"ListItem\",\"position\":2,\"name\":\"Terminos and Condiciones\"}]},{\"@type\":\"WebSite\",\"@id\":\"https:\/\/hotelcasanicole.com\/#website\",\"url\":\"https:\/\/hotelcasanicole.com\/\",\"name\":\"Hotel Casa Nicole Romantic Zone\",\"description\":\"Hotel en la Zona Romantica\",\"publisher\":{\"@id\":\"https:\/\/hotelcasanicole.com\/#organization\"},\"potentialAction\":[{\"@type\":\"SearchAction\",\"target\":{\"@type\":\"EntryPoint\",\"urlTemplate\":\"https:\/\/hotelcasanicole.com\/?s={search_term_string}\"},\"query-input\":\"required name=search_term_string\"}],\"inLanguage\":\"es\"},{\"@type\":\"Organization\",\"@id\":\"https:\/\/hotelcasanicole.com\/#organization\",\"name\":\"Hotel Casa Nicole Romantic Zone\",\"url\":\"https:\/\/hotelcasanicole.com\/\",\"logo\":{\"@type\":\"ImageObject\",\"inLanguage\":\"es\",\"@id\":\"https:\/\/hotelcasanicole.com\/#\/schema\/logo\/image\/\",\"url\":\"https:\/\/hotelcasanicole.com\/wp-content\/uploads\/2023\/06\/Hotel-Casa-Nicole-Logo.png\",\"contentUrl\":\"https:\/\/hotelcasanicole.com\/wp-content\/uploads\/2023\/06\/Hotel-Casa-Nicole-Logo.png\",\"width\":244,\"height\":166,\"caption\":\"Hotel Casa Nicole Romantic Zone\"},\"image\":{\"@id\":\"https:\/\/hotelcasanicole.com\/#\/schema\/logo\/image\/\"},\"sameAs\":[\"https:\/\/www.facebook.com\/casanicolehotel\",\"https:\/\/www.instagram.com\/casanicole_boutiquehotel\/\"]}]}<\/script>\n<!-- \/ Yoast SEO plugin. -->","yoast_head_json":{"title":"Terminos and Condiciones - Hotel Casa Nicole","robots":{"index":"index","follow":"follow","max-snippet":"max-snippet:-1","max-image-preview":"max-image-preview:large","max-video-preview":"max-video-preview:-1"},"canonical":"https:\/\/hotelcasanicole.com\/es\/terminos-and-condiciones\/","og_locale":"es_ES","og_type":"article","og_title":"Terminos and Condiciones - Hotel Casa Nicole","og_description":"[vc_row][vc_column width=\u00bb2\/3&#8243;][\/vc_column][vc_column width=\u00bb1\/3&#8243;][\/vc_column][\/vc_row][vc_row][vc_column][\/vc_column][\/vc_row][vc_row][vc_column][\/vc_column][\/vc_row] ...","og_url":"https:\/\/hotelcasanicole.com\/es\/terminos-and-condiciones\/","og_site_name":"Hotel Casa Nicole","article_publisher":"https:\/\/www.facebook.com\/casanicolehotel","article_modified_time":"2023-07-11T17:57:41+00:00","twitter_card":"summary_large_image","twitter_misc":{"Tiempo de lectura":"2 minutos"},"schema":{"@context":"https:\/\/schema.org","@graph":[{"@type":"WebPage","@id":"https:\/\/hotelcasanicole.com\/es\/terminos-and-condiciones\/","url":"https:\/\/hotelcasanicole.com\/es\/terminos-and-condiciones\/","name":"Terminos and Condiciones - Hotel Casa Nicole","isPartOf":{"@id":"https:\/\/hotelcasanicole.com\/#website"},"datePublished":"2023-07-04T18:20:06+00:00","dateModified":"2023-07-11T17:57:41+00:00","breadcrumb":{"@id":"https:\/\/hotelcasanicole.com\/es\/terminos-and-condiciones\/#breadcrumb"},"inLanguage":"es","potentialAction":[{"@type":"ReadAction","target":["https:\/\/hotelcasanicole.com\/es\/terminos-and-condiciones\/"]}]},{"@type":"BreadcrumbList","@id":"https:\/\/hotelcasanicole.com\/es\/terminos-and-condiciones\/#breadcrumb","itemListElement":[{"@type":"ListItem","position":1,"name":"Home","item":"https:\/\/hotelcasanicole.com\/es\/inicio\/"},{"@type":"ListItem","position":2,"name":"Terminos and Condiciones"}]},{"@type":"WebSite","@id":"https:\/\/hotelcasanicole.com\/#website","url":"https:\/\/hotelcasanicole.com\/","name":"Hotel Casa Nicole Romantic Zone","description":"Hotel en la Zona Romantica","publisher":{"@id":"https:\/\/hotelcasanicole.com\/#organization"},"potentialAction":[{"@type":"SearchAction","target":{"@type":"EntryPoint","urlTemplate":"https:\/\/hotelcasanicole.com\/?s={search_term_string}"},"query-input":"required name=search_term_string"}],"inLanguage":"es"},{"@type":"Organization","@id":"https:\/\/hotelcasanicole.com\/#organization","name":"Hotel Casa Nicole Romantic Zone","url":"https:\/\/hotelcasanicole.com\/","logo":{"@type":"ImageObject","inLanguage":"es","@id":"https:\/\/hotelcasanicole.com\/#\/schema\/logo\/image\/","url":"https:\/\/hotelcasanicole.com\/wp-content\/uploads\/2023\/06\/Hotel-Casa-Nicole-Logo.png","contentUrl":"https:\/\/hotelcasanicole.com\/wp-content\/uploads\/2023\/06\/Hotel-Casa-Nicole-Logo.png","width":244,"height":166,"caption":"Hotel Casa Nicole Romantic Zone"},"image":{"@id":"https:\/\/hotelcasanicole.com\/#\/schema\/logo\/image\/"},"sameAs":["https:\/\/www.facebook.com\/casanicolehotel","https:\/\/www.instagram.com\/casanicole_boutiquehotel\/"]}]}},"_links":{"self":[{"href":"https:\/\/hotelcasanicole.com\/es\/wp-json\/wp\/v2\/pages\/2548"}],"collection":[{"href":"https:\/\/hotelcasanicole.com\/es\/wp-json\/wp\/v2\/pages"}],"about":[{"href":"https:\/\/hotelcasanicole.com\/es\/wp-json\/wp\/v2\/types\/page"}],"author":[{"embeddable":true,"href":"https:\/\/hotelcasanicole.com\/es\/wp-json\/wp\/v2\/users\/1"}],"replies":[{"embeddable":true,"href":"https:\/\/hotelcasanicole.com\/es\/wp-json\/wp\/v2\/comments?post=2548"}],"version-history":[{"count":5,"href":"https:\/\/hotelcasanicole.com\/es\/wp-json\/wp\/v2\/pages\/2548\/revisions"}],"predecessor-version":[{"id":2598,"href":"https:\/\/hotelcasanicole.com\/es\/wp-json\/wp\/v2\/pages\/2548\/revisions\/2598"}],"wp:attachment":[{"href":"https:\/\/hotelcasanicole.com\/es\/wp-json\/wp\/v2\/media?parent=2548"}],"curies":[{"name":"wp","href":"https:\/\/api.w.org\/{rel}","templated":true}]}}